{"id":1149,"date":"2018-09-18T14:14:08","date_gmt":"2018-09-18T07:14:08","guid":{"rendered":"http:\/\/box5121.temp.domains\/~aothaire\/home-3-copy\/"},"modified":"2025-06-05T08:19:32","modified_gmt":"2025-06-05T01:19:32","slug":"standard-bungalow","status":"publish","type":"page","link":"https:\/\/www.aothairesort.com\/de\/","title":{"rendered":"Home"},"content":{"rendered":"<h2 style=\"text-align: center;\">Liebe G\u00e4ste,<br \/>\nunser Resort und das Restaurant bleiben f\u00fcr Sie nach wie vor ge\u00f6ffnet.<\/h2>\n<p style=\"text-align: center;\">S\u00e4mtliche Sicherheits- und Hygiene-Vorschriften werden von uns eingehalten. Unser Resort wurde von der <a href=\"https:\/\/thailandsha.tourismthailand.org\/index\" target=\"_blank\" rel=\"noopener noreferrer\">SHA<\/a> (Safety and Health Administration of Thailand) als SHA Extra Plus Hotel zertifiziert.<\/p>\n","protected":false},"excerpt":{"rendered":"<p>Liebe G\u00e4ste, unser Resort und das Restaurant bleiben f\u00fcr Sie nach wie vor ge\u00f6ffnet. S\u00e4mtliche Sicherheits- und Hygiene-Vorschriften werden von uns eingehalten. Unser Resort wurde von der SHA (Safety and Health Administration of Thailand) als SHA Extra Plus Hotel zertifiziert.<\/p>\n","protected":false},"author":3,"featured_media":0,"parent":0,"menu_order":10,"comment_status":"closed","ping_status":"closed","template":"","meta":{"footnotes":""},"class_list":["post-1149","page","type-page","status-publish","hentry"],"jetpack_shortlink":"https:\/\/wp.me\/PavEXQ-ix","jetpack_sharing_enabled":true,"_links":{"self":[{"href":"https:\/\/www.aothairesort.com\/de\/wp-json\/wp\/v2\/pages\/1149","targetHints":{"allow":["GET"]}}],"collection":[{"href":"https:\/\/www.aothairesort.com\/de\/wp-json\/wp\/v2\/pages"}],"about":[{"href":"https:\/\/www.aothairesort.com\/de\/wp-json\/wp\/v2\/types\/page"}],"author":[{"embeddable":true,"href":"https:\/\/www.aothairesort.com\/de\/wp-json\/wp\/v2\/users\/3"}],"replies":[{"embeddable":true,"href":"https:\/\/www.aothairesort.com\/de\/wp-json\/wp\/v2\/comments?post=1149"}],"version-history":[{"count":65,"href":"https:\/\/www.aothairesort.com\/de\/wp-json\/wp\/v2\/pages\/1149\/revisions"}],"predecessor-version":[{"id":4924,"href":"https:\/\/www.aothairesort.com\/de\/wp-json\/wp\/v2\/pages\/1149\/revisions\/4924"}],"wp:attachment":[{"href":"https:\/\/www.aothairesort.com\/de\/wp-json\/wp\/v2\/media?parent=1149"}],"curies":[{"name":"wp","href":"https:\/\/api.w.org\/{rel}","templated":true}]}}